{"id":31,"date":"2026-04-14T11:37:52","date_gmt":"2026-04-14T09:37:52","guid":{"rendered":"https:\/\/new.aquariusfit.pl\/?page_id=31"},"modified":"2026-04-16T21:28:47","modified_gmt":"2026-04-16T19:28:47","slug":"regulamin-szkoly","status":"publish","type":"page","link":"https:\/\/new.aquariusfit.pl\/?page_id=31","title":{"rendered":"Regulamin szko\u0142y"},"content":{"rendered":"\t\t<div data-elementor-type=\"wp-page\" data-elementor-id=\"31\" class=\"elementor elementor-31\" data-elementor-post-type=\"page\">\n\t\t\t\t<div class=\"elementor-element elementor-element-9dabaaf e-flex e-con-boxed e-con e-parent\" data-id=\"9dabaaf\" data-element_type=\"container\" data-e-type=\"container\" data-settings=\"{&quot;jet_parallax_layout_list&quot;:[]}\">\n\t\t\t\t\t<div class=\"e-con-inner\">\n\t\t\t\t<div class=\"elementor-element elementor-element-3fcee3e elementor-widget elementor-widget-heading\" data-id=\"3fcee3e\" data-element_type=\"widget\" data-e-type=\"widget\" data-widget_type=\"heading.default\">\n\t\t\t\t\t<h2 class=\"elementor-heading-title elementor-size-default\">REGULAMIN SZKO\u0141Y P\u0141YWANIA AQUARIUS\n<\/h2>\t\t\t\t<\/div>\n\t\t\t\t<div class=\"elementor-element elementor-element-000fef7 elementor-widget elementor-widget-text-editor\" data-id=\"000fef7\" data-element_type=\"widget\" data-e-type=\"widget\" data-widget_type=\"text-editor.default\">\n\t\t\t\t\t\t\t\t\t<p>1. Zaj\u0119cia organizowane przez Szko\u0142\u0119 P\u0142ywania AQUARIUS odbywaj\u0105 si\u0119 na krytej p\u0142ywalni &#8222;Syrenka&#8221; przy ul .Syrenki 19a w \u0141odzi, wej\u015bcie od ulicy \u015awitezianki. Osoby uczestnicz\u0105ce w zaj\u0119ciach obowi\u0105zuje tak\u017ce og\u00f3lny regulamin p\u0142ywalni.<\/p><p>2. Ka\u017cdy uczestnik przed przyst\u0105pieniem do zaj\u0119\u0107, ma obowi\u0105zek skonsultowa\u0107 si\u0119 z lekarzem w sprawie braku przeciwwskaza\u0144 do uczestnictwa w zaj\u0119ciach w wodzie i z\u0142o\u017cy\u0107 na tej podstawie stosowne o\u015bwiadczenie. W imieniu ma\u0142oletniego uczestnika o\u015bwiadczenie sk\u0142ada jego rodzic lub opiekun. Uczestnictwo w zaj\u0119ciach odbywa si\u0119 na w\u0142asn\u0105 odpowiedzialno\u015b\u0107.<\/p><p>3. Uczestnik kursu zobowi\u0105zany jest do posiadania na zaj\u0119ciach slipek lub kostiumu, czepka, r\u0119cznika, klapek.<\/p><p>4. W trakcie zaj\u0119\u0107, w kt\u00f3rych bior\u0105 udzia\u0142 dzieci, odpowiedzialno\u015b\u0107 za bezpiecze\u0144stwo ponosz\u0105 instruktorzy i ratownik. Za bezpiecze\u0144stwo dzieci w holu p\u0142ywalni przed i po zaj\u0119ciach odpowiadaj\u0105 ich rodzice lub opiekunowie.<\/p><p>5. Kursy nauki p\u0142ywania organizowane s\u0105 od wrze\u015bnia do czerwca w cyklach miesi\u0119cznych.<\/p><p>6. Warunkiem uczestnictwa w zaj\u0119ciach jest wykupienie karnetu miesi\u0119cznego na konkretn\u0105 godzin\u0119 i dzie\u0144 tygodnia lub biletu jednorazowego, wyj\u0105tkiem s\u0105 lekcje indywidualne nauki p\u0142ywania- p\u0142atne jednorazowo oraz wej\u015bcia na karty fit profit, benefit systems, medicover sport, pzu sport wed\u0142ug um\u00f3w zawartych z w\/w firmami.<\/p><p>7. Op\u0142aty za zaj\u0119cia przyjmowane s\u0105 got\u00f3wk\u0105 lub kart\u0105 p\u0142atnicz\u0105, telefonem przed pierwszymi zaj\u0119ciami danego cyklu, b\u0105d\u017a w terminie wyznaczonym przez Szko\u0142\u0119 P\u0142ywania, o kt\u00f3rym kursanci\/opiekunowie s\u0105 poinformowani.<\/p><p>8. Osoby rezygnuj\u0105ce z udzia\u0142u w zaj\u0119ciach nauki p\u0142ywania otrzymuj\u0105 zwrot koszt\u00f3w za niezrealizowane, a wcze\u015bniej op\u0142acone lekcje, o ile rezygnacja zosta\u0142a zg\u0142oszona przed up\u0142ywem dw\u00f3ch tygodni od rozpocz\u0119cia kursu.<\/p><p>9. Szko\u0142a P\u0142ywania AQUARIUS nie zwraca wp\u0142aconych nale\u017cno\u015bci za niewykorzystane i nieusprawiedliwione nieobecno\u015bci na poszczeg\u00f3lnych zaj\u0119ciach.<br \/>Dopuszcza si\u0119 mo\u017cliwo\u015b\u0107 odrobienia zaj\u0119\u0107 w danym cyklu opuszczonych z wa\u017cnych przyczyn losowych (wypadek, choroba), po uprzednim zg\u0142oszeniu i ustaleniu terminu z instruktorem lub w kasie. Zaj\u0119cia mog\u0105 by\u0107 odrabiane najp\u00f3\u017aniej miesi\u0105c po powrocie. Odrabiania opuszczonych zaj\u0119\u0107 z danego cyklu nie mo\u017cna przenosi\u0107 na kolejne cykle.<\/p><p>10. Szko\u0142a P\u0142ywania AQUARIUS zastrzega sobie prawo do odwo\u0142ania zaj\u0119\u0107 z przyczyn od niej niezale\u017cnych (np. awaria), \u0142\u0105czenia grup, zmian godzin zaj\u0119\u0107 lub podwy\u017cszenia op\u0142at w przypadku zmniejszenia ilo\u015bci os\u00f3b w grupie.<\/p><p>11. Ka\u017cdy uczestnik zaj\u0119\u0107, a w przypadku ma\u0142oletnich dzieci, rodzic lub prawny opiekun, ma obowi\u0105zek zapoznania si\u0119 z og\u00f3lnym regulaminem p\u0142ywalni oraz regulaminem Szko\u0142y P\u0142ywania AQUARIUS i stosowaniem si\u0119 do ich wskaza\u0144.<\/p><p>12. Dokonanie wp\u0142aty za okre\u015blone zaj\u0119cia jest r\u00f3wnoznaczne z przyj\u0119ciem w\/w warunk\u00f3w regulaminu.<\/p><p>13. Organizator zaj\u0119\u0107 zastrzega sobie prawo do ostatecznej interpretacji poszczeg\u00f3lnych punkt\u00f3w regulaminu.<\/p>\t\t\t\t\t\t\t\t<\/div>\n\t\t\t\t\t<\/div>\n\t\t\t\t<\/div>\n\t\t\t\t<\/div>\n\t\t","protected":false},"excerpt":{"rendered":"<p>REGULAMIN SZKO\u0141Y P\u0141YWANIA AQUARIUS 1. Zaj\u0119cia organizowane przez Szko\u0142\u0119 P\u0142ywania AQUARIUS odbywaj\u0105 si\u0119 na krytej p\u0142ywalni &#8222;Syrenka&#8221; przy ul .Syrenki 19a w \u0141odzi, wej\u015bcie od ulicy \u015awitezianki. Osoby uczestnicz\u0105ce w zaj\u0119ciach obowi\u0105zuje tak\u017ce og\u00f3lny regulamin p\u0142ywalni. 2. Ka\u017cdy uczestnik przed przyst\u0105pieniem do zaj\u0119\u0107, ma obowi\u0105zek skonsultowa\u0107 si\u0119 z lekarzem w sprawie braku przeciwwskaza\u0144 do uczestnictwa [&hellip;]<\/p>\n","protected":false},"author":1,"featured_media":0,"parent":17,"menu_order":0,"comment_status":"closed","ping_status":"closed","template":"","meta":{"footnotes":""},"class_list":["post-31","page","type-page","status-publish","hentry"],"_links":{"self":[{"href":"https:\/\/new.aquariusfit.pl\/index.php?rest_route=\/wp\/v2\/pages\/31","targetHints":{"allow":["GET"]}}],"collection":[{"href":"https:\/\/new.aquariusfit.pl\/index.php?rest_route=\/wp\/v2\/pages"}],"about":[{"href":"https:\/\/new.aquariusfit.pl\/index.php?rest_route=\/wp\/v2\/types\/page"}],"author":[{"embeddable":true,"href":"https:\/\/new.aquariusfit.pl\/index.php?rest_route=\/wp\/v2\/users\/1"}],"replies":[{"embeddable":true,"href":"https:\/\/new.aquariusfit.pl\/index.php?rest_route=%2Fwp%2Fv2%2Fcomments&post=31"}],"version-history":[{"count":10,"href":"https:\/\/new.aquariusfit.pl\/index.php?rest_route=\/wp\/v2\/pages\/31\/revisions"}],"predecessor-version":[{"id":1048,"href":"https:\/\/new.aquariusfit.pl\/index.php?rest_route=\/wp\/v2\/pages\/31\/revisions\/1048"}],"up":[{"embeddable":true,"href":"https:\/\/new.aquariusfit.pl\/index.php?rest_route=\/wp\/v2\/pages\/17"}],"wp:attachment":[{"href":"https:\/\/new.aquariusfit.pl\/index.php?rest_route=%2Fwp%2Fv2%2Fmedia&parent=31"}],"curies":[{"name":"wp","href":"https:\/\/api.w.org\/{rel}","templated":true}]}}